{"id":373,"date":"2024-01-16T14:33:25","date_gmt":"2024-01-16T14:33:25","guid":{"rendered":"https:\/\/companni.com\/?page_id=373"},"modified":"2024-01-16T14:50:10","modified_gmt":"2024-01-16T14:50:10","slug":"privacy","status":"publish","type":"page","link":"https:\/\/companni.com\/es\/patternlockleague\/privacy\/","title":{"rendered":"Pattern Lock League - Pol\u00edtica de Privacidad"},"content":{"rendered":"<div style=\"height:50px\" aria-hidden=\"true\" class=\"wp-block-spacer\"><\/div>\n\n\n\n<h4 class=\"wp-block-heading\">Pattern Lock League - Pol\u00edtica de Privacidad<\/h4>\n\n\n\n<p>Companni Games ha creado la aplicaci\u00f3n Pattern Lock League como una aplicaci\u00f3n con publicidad. Este SERVICIO es proporcionado por Companni Games sin coste alguno y est\u00e1 destinado a ser utilizado tal cual. Esta p\u00e1gina se utiliza para informar a los visitantes con respecto a nuestras pol\u00edticas con la recopilaci\u00f3n, uso y divulgaci\u00f3n de Informaci\u00f3n Personal si alguien decide utilizar nuestro Servicio.<br>Si decide utilizar nuestro Servicio, entonces acepta la recopilaci\u00f3n y el uso de informaci\u00f3n en relaci\u00f3n con esta pol\u00edtica. La Informaci\u00f3n Personal que recogemos se utiliza para proporcionar y mejorar el Servicio. No utilizaremos ni compartiremos su informaci\u00f3n con nadie excepto en los casos descritos en esta Pol\u00edtica de Privacidad.<\/p>\n\n\n\n<h6 class=\"wp-block-heading\"><strong>Recopilaci\u00f3n y uso de datos<\/strong><\/h6>\n\n\n\n<p>Para una mejor experiencia, al utilizar nuestro Servicio, podemos pedirle que nos proporcione cierta informaci\u00f3n de identificaci\u00f3n personal, incluyendo pero no limitado a su nombre y direcci\u00f3n de correo electr\u00f3nico. La informaci\u00f3n que solicitamos ser\u00e1 retenida por nosotros y utilizada como se describe en esta pol\u00edtica de privacidad. La aplicaci\u00f3n utiliza servicios de terceros que pueden recopilar informaci\u00f3n utilizada para identificarle.<\/p>\n\n\n\n<p>Enlace a la pol\u00edtica de privacidad de los proveedores de servicios de terceros utilizados por la aplicaci\u00f3n:<\/p>\n\n\n\n<ul class=\"wp-block-list\">\n<li><a href=\"https:\/\/www.google.com\/policies\/privacy\/\" target=\"_blank\" rel=\"noreferrer noopener\">Google Play Services<\/a><\/li>\n\n\n\n<li><a href=\"https:\/\/support.google.com\/admob\/answer\/6128543?hl=en\" target=\"_blank\" rel=\"noreferrer noopener\">AdMob<\/a><\/li>\n\n\n\n<li><a href=\"https:\/\/unity3d.com\/legal\/privacy-policy\">Unity<\/a><\/li>\n<\/ul>\n\n\n\n<h6 class=\"wp-block-heading\"><strong>Datos de registro<\/strong><\/h6>\n\n\n\n<p>Queremos informarle de que siempre que utiliza nuestro Servicio, en caso de error en la aplicaci\u00f3n, recopilamos datos e informaci\u00f3n (a trav\u00e9s de productos de terceros) en su tel\u00e9fono denominados Datos de Registro. Estos Datos de Registro pueden incluir informaci\u00f3n como la direcci\u00f3n de Protocolo de Internet (\"IP\") de su dispositivo, el nombre del dispositivo, la versi\u00f3n del sistema operativo, la configuraci\u00f3n de la aplicaci\u00f3n al utilizar nuestro Servicio, la hora y la fecha de su uso del Servicio y otras estad\u00edsticas.<\/p>\n\n\n\n<h6 class=\"wp-block-heading\"><strong>Cookies<\/strong><\/h6>\n\n\n\n<p>Las cookies son archivos con una peque\u00f1a cantidad de datos que se utilizan habitualmente como identificadores \u00fanicos an\u00f3nimos. Se env\u00edan a su navegador desde los sitios web que visita y se almacenan en la memoria interna de su dispositivo.<br>Este Servicio no utiliza estas cookies expl\u00edcitamente. Sin embargo, la aplicaci\u00f3n puede utilizar c\u00f3digo y bibliotecas de terceros que utilizan cookies para recopilar informaci\u00f3n y mejorar sus servicios. Usted tiene la opci\u00f3n de aceptar o rechazar estas cookies y saber cu\u00e1ndo se env\u00eda una cookie a su dispositivo. Si decide rechazar nuestras cookies, es posible que no pueda utilizar algunas partes de este Servicio.<\/p>\n\n\n\n<h6 class=\"wp-block-heading\"><strong>Proveedores de servicios<\/strong><\/h6>\n\n\n\n<p>Podemos emplear terceras empresas y particulares por los siguientes motivos:<\/p>\n\n\n\n<ul class=\"wp-block-list\">\n<li>Para facilitar nuestro Servicio;<\/li>\n\n\n\n<li>Para prestar el Servicio en nuestro nombre;<\/li>\n\n\n\n<li>Para realizar servicios relacionados con el Servicio; o<\/li>\n\n\n\n<li>Para ayudarnos a analizar c\u00f3mo se utiliza nuestro Servicio.<\/li>\n<\/ul>\n\n\n\n<p>Queremos informar a los usuarios de nuestro Servicio de que estos terceros tienen acceso a sus Datos Personales. El motivo es realizar las tareas que se les asignan en nuestro nombre. No obstante, est\u00e1n obligados a no divulgar ni utilizar la informaci\u00f3n para ning\u00fan otro fin.<\/p>\n\n\n\n<h6 class=\"wp-block-heading\"><strong>Seguridad<\/strong><\/h6>\n\n\n\n<p>Valoramos su confianza al proporcionarnos sus Datos Personales, por lo que nos esforzamos por utilizar medios comercialmente aceptables para protegerlos. Pero recuerde que ning\u00fan m\u00e9todo de transmisi\u00f3n por Internet, o m\u00e9todo de almacenamiento electr\u00f3nico es 100% seguro y fiable, y no podemos garantizar su absoluta seguridad.<\/p>\n\n\n\n<h6 class=\"wp-block-heading\"><strong>Enlaces a otros sitios<\/strong><\/h6>\n\n\n\n<p>Nuestro Servicio puede contener enlaces a otros sitios. Si hace clic en un enlace de terceros, ser\u00e1 dirigido a ese sitio. Tenga en cuenta que estos sitios externos no son operados por nosotros. Por lo tanto, le recomendamos encarecidamente que revise la Pol\u00edtica de Privacidad de estos sitios web. No tenemos ning\u00fan control ni asumimos ninguna responsabilidad por el contenido, las pol\u00edticas de privacidad o las pr\u00e1cticas de los sitios o servicios de terceros.<\/p>\n\n\n\n<h6 class=\"wp-block-heading\"><strong>Privacidad de la infancia<\/strong><\/h6>\n\n\n\n<p>Nuestros Servicios no est\u00e1n dirigidos a menores de 13 a\u00f1os. No recopilamos conscientemente informaci\u00f3n personal identificable de ni\u00f1os menores de 13 a\u00f1os. En caso de que descubramos que un menor de 13 a\u00f1os nos ha proporcionado informaci\u00f3n personal, la eliminaremos inmediatamente de nuestros servidores. Si usted es padre o tutor y tiene conocimiento de que su hijo nos ha proporcionado informaci\u00f3n personal, p\u00f3ngase en contacto con nosotros para que podamos tomar las medidas necesarias.<\/p>\n\n\n\n<h6 class=\"wp-block-heading\"><strong>Cambios en esta Pol\u00edtica de Privacidad<\/strong><\/h6>\n\n\n\n<p>Es posible que actualicemos nuestra Pol\u00edtica de Privacidad de vez en cuando. Por ello, le recomendamos que revise peri\u00f3dicamente esta p\u00e1gina para comprobar si se han producido cambios. Le notificaremos cualquier cambio publicando la nueva Pol\u00edtica de Privacidad en esta p\u00e1gina. Esta pol\u00edtica es efectiva a partir del 2023-02-25.<\/p>\n\n\n\n<h6 class=\"wp-block-heading\"><strong>P\u00f3ngase en contacto con nosotros<\/strong><\/h6>\n\n\n\n<p>Si tiene alguna pregunta o sugerencia sobre nuestra Pol\u00edtica de Privacidad, no dude en ponerse en contacto con nosotros en <a href=\"mailto:contact@companni.com\">contact@companni.com<\/a>.<\/p>\n\n\n\n<div style=\"height:50px\" aria-hidden=\"true\" class=\"wp-block-spacer\"><\/div>","protected":false},"excerpt":{"rendered":"<p>Pattern Lock League &#8211; Privacy Policy Companni Games built the Pattern Lock League app as an Ad Supported app. This SERVICE is provided by Companni Games at no cost and is intended for use as is. This page is used to inform visitors regarding our policies with the collection, use, and disclosure of Personal Information [&hellip;]<\/p>\n","protected":false},"author":1,"featured_media":0,"parent":47,"menu_order":0,"comment_status":"closed","ping_status":"closed","template":"","meta":{"inline_featured_image":false,"site-sidebar-layout":"default","site-content-layout":"","ast-site-content-layout":"default","site-content-style":"default","site-sidebar-style":"default","ast-global-header-display":"","ast-banner-title-visibility":"","ast-main-header-display":"","ast-hfb-above-header-display":"","ast-hfb-below-header-display":"","ast-hfb-mobile-header-display":"","site-post-title":"disabled","ast-breadcrumbs-content":"","ast-featured-img":"","footer-sml-layout":"","ast-disable-related-posts":"","theme-transparent-header-meta":"","adv-header-id-meta":"","stick-header-meta":"","header-above-stick-meta":"","header-main-stick-meta":"","header-below-stick-meta":"","astra-migrate-meta-layouts":"default","ast-page-background-enabled":"default","ast-page-background-meta":{"desktop":{"background-color":"var(--ast-global-color-4)","background-image":"","background-repeat":"repeat","background-position":"center center","background-size":"auto","background-attachment":"scroll","background-type":"","background-media":"","overlay-type":"","overlay-color":"","overlay-opacity":"","overlay-gradient":""},"tablet":{"background-color":"","background-image":"","background-repeat":"repeat","background-position":"center center","background-size":"auto","background-attachment":"scroll","background-type":"","background-media":"","overlay-type":"","overlay-color":"","overlay-opacity":"","overlay-gradient":""},"mobile":{"background-color":"","background-image":"","background-repeat":"repeat","background-position":"center center","background-size":"auto","background-attachment":"scroll","background-type":"","background-media":"","overlay-type":"","overlay-color":"","overlay-opacity":"","overlay-gradient":""}},"ast-content-background-meta":{"desktop":{"background-color":"var(--ast-global-color-5)","background-image":"","background-repeat":"repeat","background-position":"center center","background-size":"auto","background-attachment":"scroll","background-type":"","background-media":"","overlay-type":"","overlay-color":"","overlay-opacity":"","overlay-gradient":""},"tablet":{"background-color":"var(--ast-global-color-5)","background-image":"","background-repeat":"repeat","background-position":"center center","background-size":"auto","background-attachment":"scroll","background-type":"","background-media":"","overlay-type":"","overlay-color":"","overlay-opacity":"","overlay-gradient":""},"mobile":{"background-color":"var(--ast-global-color-5)","background-image":"","background-repeat":"repeat","background-position":"center center","background-size":"auto","background-attachment":"scroll","background-type":"","background-media":"","overlay-type":"","overlay-color":"","overlay-opacity":"","overlay-gradient":""}},"footnotes":""},"class_list":["post-373","page","type-page","status-publish","hentry"],"_links":{"self":[{"href":"https:\/\/companni.com\/es\/wp-json\/wp\/v2\/pages\/373","targetHints":{"allow":["GET"]}}],"collection":[{"href":"https:\/\/companni.com\/es\/wp-json\/wp\/v2\/pages"}],"about":[{"href":"https:\/\/companni.com\/es\/wp-json\/wp\/v2\/types\/page"}],"author":[{"embeddable":true,"href":"https:\/\/companni.com\/es\/wp-json\/wp\/v2\/users\/1"}],"replies":[{"embeddable":true,"href":"https:\/\/companni.com\/es\/wp-json\/wp\/v2\/comments?post=373"}],"version-history":[{"count":2,"href":"https:\/\/companni.com\/es\/wp-json\/wp\/v2\/pages\/373\/revisions"}],"predecessor-version":[{"id":376,"href":"https:\/\/companni.com\/es\/wp-json\/wp\/v2\/pages\/373\/revisions\/376"}],"up":[{"embeddable":true,"href":"https:\/\/companni.com\/es\/wp-json\/wp\/v2\/pages\/47"}],"wp:attachment":[{"href":"https:\/\/companni.com\/es\/wp-json\/wp\/v2\/media?parent=373"}],"curies":[{"name":"wp","href":"https:\/\/api.w.org\/{rel}","templated":true}]}}