{"id":261,"date":"2024-01-15T19:15:15","date_gmt":"2024-01-15T19:15:15","guid":{"rendered":"https:\/\/companni.com\/?page_id=261"},"modified":"2024-01-16T10:50:44","modified_gmt":"2024-01-16T10:50:44","slug":"cookies-policy","status":"publish","type":"page","link":"https:\/\/companni.com\/es\/cookies-policy\/","title":{"rendered":"Pol\u00edtica de Cookies"},"content":{"rendered":"<div style=\"height:50px\" aria-hidden=\"true\" class=\"wp-block-spacer\"><\/div>\n\n\n\n<h4 class=\"wp-block-heading\">Pol\u00edtica de Cookies<\/h4>\n\n\n\n<h5 class=\"wp-block-heading\"><a href=\"https:\/\/companni.com\/es\/cookies-policy\/#gdpr_cookie_modal\">Configurar ajustes de cookies<\/a><\/h5>\n\n\n\n<p>Esta es la Pol\u00edtica de Cookies de la p\u00e1gina web de Companni Games, accesible desde <a href=\"https:\/\/companni.com\/es\/\">https:\/\/companni.com\/<\/a>.<\/p>\n\n\n\n<h6 class=\"wp-block-heading\"><strong>Qu\u00e9 son las Cookies<\/strong><\/h6>\n\n\n\n<p>Como es pr\u00e1ctica habitual en casi todos los sitios web profesionales, este sitio utiliza cookies, que son peque\u00f1os archivos que se descargan en tu ordenador, para mejorar tu experiencia. Esta p\u00e1gina describe qu\u00e9 informaci\u00f3n recogen, c\u00f3mo la utilizamos y por qu\u00e9 a veces necesitamos almacenar estas cookies. Tambi\u00e9n le explicaremos c\u00f3mo puede evitar que se almacenen estas cookies, aunque esto puede degradar o \"romper\" ciertos elementos de la funcionalidad de los sitios.<\/p>\n\n\n\n<h6 class=\"wp-block-heading\"><strong>C\u00f3mo usamos las Cookies<\/strong><\/h6>\n\n\n\n<p>Utilizamos cookies por una serie de razones que se detallan a continuaci\u00f3n. Lamentablemente, en la mayor\u00eda de los casos no existen opciones est\u00e1ndar para desactivar las cookies sin desactivar por completo la funcionalidad y las caracter\u00edsticas que a\u00f1aden a este sitio. Se recomienda que deje activadas todas las cookies si no est\u00e1 seguro de si las necesita, en caso de que se utilicen para proporcionar un servicio que usted utilice.<\/p>\n\n\n\n<h6 class=\"wp-block-heading\"><strong>Las Cookies que utilizamos<\/strong><\/h6>\n\n\n\n<ul class=\"wp-block-list\">\n<li>Cookies relacionadas con boletines por correo electr\u00f3nico: Este sitio ofrece servicios de bolet\u00edn o suscripci\u00f3n por correo electr\u00f3nico y las cookies pueden utilizarse para recordar si ya est\u00e1 registrado y mostrar ciertas notificaciones que podr\u00edan ser v\u00e1lidas solo para usuarios suscritos\/no suscritos.<\/li>\n\n\n\n<li>Cookies de preferencias del sitio: Con el fin de proporcionarle una gran experiencia en este sitio, le proporcionamos la funcionalidad para establecer sus preferencias sobre c\u00f3mo funciona este sitio cuando lo utiliza. Con el fin de recordar sus preferencias, necesitamos utilizar cookies para que esta informaci\u00f3n pueda ser llamada cada vez que interact\u00faa con una p\u00e1gina que se vea afectada por sus preferencias.<\/li>\n<\/ul>\n\n\n\n<h6 class=\"wp-block-heading\"><strong>Cookies de terceros<\/strong><\/h6>\n\n\n\n<p>En algunos casos especiales tambi\u00e9n utilizamos cookies proporcionadas por terceros de confianza. La siguiente secci\u00f3n detalla qu\u00e9 cookies de terceros puede encontrar a trav\u00e9s de este sitio.<\/p>\n\n\n\n<ul class=\"wp-block-list\">\n<li class=\"translation-block\">Este sitio utiliza Google Analytics, una de las soluciones anal\u00edticas m\u00e1s extendidas y fiables de la web, para ayudarnos a comprender c\u00f3mo utiliza usted el sitio y c\u00f3mo podemos mejorar su experiencia. Estas cookies pueden rastrear cosas como el tiempo que pasa en el sitio y las p\u00e1ginas que visita para que podamos seguir produciendo contenido atractivo. Para obtener m\u00e1s informaci\u00f3n sobre las cookies de Google Analytics, consulte la <a href=\"https:\/\/analytics.google.com\/\" target=\"_self\">p\u00e1gina oficial de Google Analytics<\/a>.<\/li>\n<\/ul>\n\n\n\n<h6 class=\"wp-block-heading\"><strong>Inhabilitar las Cookies<\/strong><\/h6>\n\n\n\n<p>Puede impedir la instalaci\u00f3n de cookies ajustando la configuraci\u00f3n de su navegador (consulte la Ayuda de su navegador para saber c\u00f3mo hacerlo). Tenga en cuenta que deshabilitar las cookies afectar\u00e1 a la funcionalidad de este sitio web y de muchos otros que visite. La desactivaci\u00f3n de las cookies suele conllevar tambi\u00e9n la desactivaci\u00f3n de determinadas funciones y caracter\u00edsticas de este sitio. Por lo tanto, se recomienda que no deshabilite las cookies.<br>Si desea rechazar las cookies anal\u00edticas de Google Analytics en todos los navegadores, de modo que su informaci\u00f3n no se env\u00ede a Google Analytics, puede descargar un complemento que realiza esta funci\u00f3n desde este enlace:&nbsp;<a href=\"https:\/\/tools.google.com\/dlpage\/gaoptout\">https:\/\/tools.google.com\/dlpage\/gaoptout<\/a>.<\/p>\n\n\n\n<h6 class=\"wp-block-heading\">Ejercicio de derechos<\/h6>\n\n\n\n<p>Puede conocer y ejercer sus derechos de protecci\u00f3n de datos accediendo a nuestra <a href=\"https:\/\/companni.com\/es\/privacy\/\">Pol\u00edtica de Privacidad<\/a>. <br>Si necesitas m\u00e1s informaci\u00f3n sobre el uso que hacemos de las cookies, puedes contactar con nosotros a trav\u00e9s de <a href=\"mailto:contact@companni.com\">contact@companni.com<\/a>.<\/p>\n\n\n\n<div style=\"height:50px\" aria-hidden=\"true\" class=\"wp-block-spacer\"><\/div>","protected":false},"excerpt":{"rendered":"<p>Cookies Policy Configure cookie settings This is the Cookie Policy for the Companni Games website, accessible from https:\/\/companni.com\/. What Are Cookies As is common practice with almost all professional websites, this site uses cookies, which are tiny files that are downloaded to your computer, to improve your experience. This page describes what information they gather, [&hellip;]<\/p>\n","protected":false},"author":1,"featured_media":0,"parent":0,"menu_order":0,"comment_status":"closed","ping_status":"closed","template":"","meta":{"inline_featured_image":false,"site-sidebar-layout":"default","site-content-layout":"","ast-site-content-layout":"default","site-content-style":"default","site-sidebar-style":"default","ast-global-header-display":"","ast-banner-title-visibility":"","ast-main-header-display":"","ast-hfb-above-header-display":"","ast-hfb-below-header-display":"","ast-hfb-mobile-header-display":"","site-post-title":"disabled","ast-breadcrumbs-content":"","ast-featured-img":"","footer-sml-layout":"","ast-disable-related-posts":"","theme-transparent-header-meta":"","adv-header-id-meta":"","stick-header-meta":"","header-above-stick-meta":"","header-main-stick-meta":"","header-below-stick-meta":"","astra-migrate-meta-layouts":"default","ast-page-background-enabled":"default","ast-page-background-meta":{"desktop":{"background-color":"var(--ast-global-color-4)","background-image":"","background-repeat":"repeat","background-position":"center center","background-size":"auto","background-attachment":"scroll","background-type":"","background-media":"","overlay-type":"","overlay-color":"","overlay-opacity":"","overlay-gradient":""},"tablet":{"background-color":"","background-image":"","background-repeat":"repeat","background-position":"center center","background-size":"auto","background-attachment":"scroll","background-type":"","background-media":"","overlay-type":"","overlay-color":"","overlay-opacity":"","overlay-gradient":""},"mobile":{"background-color":"","background-image":"","background-repeat":"repeat","background-position":"center center","background-size":"auto","background-attachment":"scroll","background-type":"","background-media":"","overlay-type":"","overlay-color":"","overlay-opacity":"","overlay-gradient":""}},"ast-content-background-meta":{"desktop":{"background-color":"var(--ast-global-color-5)","background-image":"","background-repeat":"repeat","background-position":"center center","background-size":"auto","background-attachment":"scroll","background-type":"","background-media":"","overlay-type":"","overlay-color":"","overlay-opacity":"","overlay-gradient":""},"tablet":{"background-color":"var(--ast-global-color-5)","background-image":"","background-repeat":"repeat","background-position":"center center","background-size":"auto","background-attachment":"scroll","background-type":"","background-media":"","overlay-type":"","overlay-color":"","overlay-opacity":"","overlay-gradient":""},"mobile":{"background-color":"var(--ast-global-color-5)","background-image":"","background-repeat":"repeat","background-position":"center center","background-size":"auto","background-attachment":"scroll","background-type":"","background-media":"","overlay-type":"","overlay-color":"","overlay-opacity":"","overlay-gradient":""}},"footnotes":""},"class_list":["post-261","page","type-page","status-publish","hentry"],"_links":{"self":[{"href":"https:\/\/companni.com\/es\/wp-json\/wp\/v2\/pages\/261","targetHints":{"allow":["GET"]}}],"collection":[{"href":"https:\/\/companni.com\/es\/wp-json\/wp\/v2\/pages"}],"about":[{"href":"https:\/\/companni.com\/es\/wp-json\/wp\/v2\/types\/page"}],"author":[{"embeddable":true,"href":"https:\/\/companni.com\/es\/wp-json\/wp\/v2\/users\/1"}],"replies":[{"embeddable":true,"href":"https:\/\/companni.com\/es\/wp-json\/wp\/v2\/comments?post=261"}],"version-history":[{"count":12,"href":"https:\/\/companni.com\/es\/wp-json\/wp\/v2\/pages\/261\/revisions"}],"predecessor-version":[{"id":350,"href":"https:\/\/companni.com\/es\/wp-json\/wp\/v2\/pages\/261\/revisions\/350"}],"wp:attachment":[{"href":"https:\/\/companni.com\/es\/wp-json\/wp\/v2\/media?parent=261"}],"curies":[{"name":"wp","href":"https:\/\/api.w.org\/{rel}","templated":true}]}}